{"id":1166,"date":"2025-04-30T16:30:41","date_gmt":"2025-04-30T14:30:41","guid":{"rendered":"https:\/\/geopoliticalinsights.eu\/?page_id=1166"},"modified":"2025-05-09T13:16:17","modified_gmt":"2025-05-09T11:16:17","slug":"privacy-policy","status":"publish","type":"page","link":"https:\/\/geopoliticalinsights.eu\/es\/privacy-policy\/","title":{"rendered":"Pol\u00edtica De Privacidad"},"content":{"rendered":"<div data-elementor-type=\"wp-page\" data-elementor-id=\"1166\" class=\"elementor elementor-1166\" data-elementor-post-type=\"page\">\n\t\t\t\t<div class=\"elementor-element elementor-element-5d5a4410 e-flex e-con-boxed e-con e-parent\" data-id=\"5d5a4410\" data-element_type=\"container\" data-e-type=\"container\">\n\t\t\t\t\t<div class=\"e-con-inner\">\n\t\t\t\t<div class=\"elementor-element elementor-element-344dbde1 elementor-widget elementor-widget-text-editor\" data-id=\"344dbde1\" data-element_type=\"widget\" data-e-type=\"widget\" data-widget_type=\"text-editor.default\">\n\t\t\t\t<div class=\"elementor-widget-container\">\n\t\t\t\t\t\t\t\t\t<p class=\"\" data-start=\"1374\" data-end=\"1405\"><strong data-start=\"1374\" data-end=\"1393\">Fecha de entrada en vigor:<\/strong> 2 de mayo de 2025<\/p><p class=\"\" data-start=\"1407\" data-end=\"1587\">Esta Pol\u00edtica de Privacidad explica c\u00f3mo se recopilan y procesan los datos personales a trav\u00e9s de este sitio web (<a class=\"\" href=\"https:\/\/geopoliticalinsights.eu\/es\/\" target=\"_new\" rel=\"noopener\" data-start=\"1503\" data-end=\"1534\">https:\/\/geopoliticalinsights.eu<\/a>) en cumplimiento con el Reglamento (UE) 2016\/679 (GDPR).<\/p><p class=\"\" data-start=\"1594\" data-end=\"1724\"><strong data-start=\"1594\" data-end=\"1616\">1. Responsable del Tratamiento<\/strong><br data-start=\"1616\" data-end=\"1619\" \/><span class=\"cmplz-contact-organisation\">Geopolitical Insights<\/span><br \/><span class=\"cmplz-contact-address\">C\/ Rios Rosas, 28003, Madrid<\/span><br \/><span class=\"cmplz-contact-country\">Spain<\/span><br \/>Sitio web:\u00a0<span class=\"cmplz-contact-domain\"><a href=\"https:\/\/geopoliticalinsights.eu\/es\/\">https:\/\/geopoliticalinsights.eu<\/a><\/span><br \/>Correo electr\u00f3nico:\u00a0<span class=\"cmplz-contact-email\"><span class=\"cmplz-obfuscate\">hola@geopoliticalinsights.eu<\/span><\/span><\/p><p class=\"\" data-start=\"1731\" data-end=\"1798\"><strong data-start=\"1731\" data-end=\"1752\">2. Datos Recopilados<\/strong><br data-start=\"1752\" data-end=\"1755\" \/>Podemos recopilar los siguientes datos personales:<\/p><ul data-start=\"1799\" data-end=\"1917\"><li class=\"\" data-start=\"1799\" data-end=\"1812\"><p class=\"\" data-start=\"1801\" data-end=\"1812\">Nombre completo<\/p><\/li><li class=\"\" data-start=\"1813\" data-end=\"1830\"><p class=\"\" data-start=\"1815\" data-end=\"1830\">Direcci\u00f3n de correo electr\u00f3nico<\/p><\/li><li class=\"\" data-start=\"1831\" data-end=\"1847\"><p class=\"\" data-start=\"1833\" data-end=\"1847\">N\u00famero de tel\u00e9fono<\/p><\/li><li class=\"\" data-start=\"1848\" data-end=\"1862\"><p class=\"\" data-start=\"1850\" data-end=\"1862\">Direcci\u00f3n IP<\/p><\/li><li class=\"\" data-start=\"1863\" data-end=\"1891\"><p class=\"\" data-start=\"1865\" data-end=\"1891\">Tipo y versi\u00f3n del navegador<\/p><\/li><li class=\"\" data-start=\"1892\" data-end=\"1917\"><p class=\"\" data-start=\"1894\" data-end=\"1917\">Fecha y hora de acceso<\/p><\/li><\/ul><p class=\"\" data-start=\"1924\" data-end=\"2111\"><strong data-start=\"1924\" data-end=\"1957\">3. Base Legal para el Tratamiento<\/strong><br data-start=\"1957\" data-end=\"1960\" \/>La base legal para el tratamiento de datos personales es <strong data-start=\"2008\" data-end=\"2030\">el consentimiento del usuario<\/strong>, otorgado expl\u00edcitamente al completar formularios de contacto o aceptar el aviso de cookies.<\/p><p class=\"\" data-start=\"2118\" data-end=\"2180\"><strong data-start=\"2118\" data-end=\"2146\">4. Finalidad del Tratamiento<\/strong><br data-start=\"2146\" data-end=\"2149\" \/>Los datos recopilados se utilizan para:<\/p><ul data-start=\"2181\" data-end=\"2259\"><li class=\"\" data-start=\"2181\" data-end=\"2216\"><p class=\"\" data-start=\"2183\" data-end=\"2216\">Responder a consultas de contacto<\/p><\/li><li class=\"\" data-start=\"2217\" data-end=\"2259\"><p class=\"\" data-start=\"2219\" data-end=\"2259\">Anal\u00edtica web y monitoreo del rendimiento<\/p><\/li><\/ul><p class=\"\" data-start=\"2266\" data-end=\"2542\"><strong data-start=\"2266\" data-end=\"2294\">5. Cookies y Anal\u00edtica<\/strong><br data-start=\"2294\" data-end=\"2297\" \/>Este sitio web utiliza cookies y herramientas de an\u00e1lisis de terceros, incluidas Google Analytics, para mejorar la experiencia del usuario y recopilar datos estad\u00edsticos.<br data-start=\"2439\" data-end=\"2442\" \/>Los usuarios son informados y su consentimiento se obtiene a trav\u00e9s de un banner de cookies de acuerdo con los requisitos del GDPR.<\/p><p class=\"\" data-start=\"2549\" data-end=\"2673\"><strong data-start=\"2549\" data-end=\"2568\">6. Compartici\u00f3n de Datos<\/strong><br data-start=\"2568\" data-end=\"2571\" \/>No se comparten datos personales con terceros. Ning\u00fan proveedor de servicios externo tiene acceso a estos datos.<\/p><p class=\"\" data-start=\"2680\" data-end=\"2777\"><strong data-start=\"2680\" data-end=\"2710\">7. Transferencias Internacionales<\/strong><br data-start=\"2710\" data-end=\"2713\" \/>No se transfieren datos fuera del Espacio Econ\u00f3mico Europeo (EEE).<\/p><p class=\"\" data-start=\"2784\" data-end=\"2902\"><strong data-start=\"2784\" data-end=\"2812\">8. Periodo de Conservaci\u00f3n de los Datos<\/strong><br data-start=\"2812\" data-end=\"2815\" \/>Los datos personales se almacenan durante un <strong data-start=\"2843\" data-end=\"2861\">m\u00e1ximo de un a\u00f1o<\/strong> o hasta que el usuario solicite su eliminaci\u00f3n<\/p><p class=\"\" data-start=\"2909\" data-end=\"2954\"><strong data-start=\"2909\" data-end=\"2927\">9. Derechos del Usuario<\/strong><br data-start=\"2927\" data-end=\"2930\" \/>Los usuarios tienen derecho a:<\/p><ul data-start=\"2955\" data-end=\"3110\"><li class=\"\" data-start=\"2955\" data-end=\"2976\"><p class=\"\" data-start=\"2957\" data-end=\"2976\">Acceder a sus datos<\/p><\/li><li class=\"\" data-start=\"2977\" data-end=\"3004\"><p class=\"\" data-start=\"2979\" data-end=\"3004\">Rectificar datos inexactos<\/p><\/li><li class=\"\" data-start=\"3005\" data-end=\"3025\"><p class=\"\" data-start=\"3007\" data-end=\"3025\">Solicitar la eliminaci\u00f3n<\/p><\/li><li class=\"\" data-start=\"3026\" data-end=\"3050\"><p class=\"\" data-start=\"3028\" data-end=\"3050\">Oponerse al tratamiento<\/p><\/li><li class=\"\" data-start=\"3051\" data-end=\"3079\"><p class=\"\" data-start=\"3053\" data-end=\"3079\">Solicitar la portabilidad de los datos<\/p><\/li><li class=\"\" data-start=\"3080\" data-end=\"3110\"><p class=\"\" data-start=\"3082\" data-end=\"3110\">Retirar el consentimiento en cualquier momento<\/p><\/li><\/ul><p class=\"\" data-start=\"3112\" data-end=\"3294\">Las solicitudes pueden enviarse a <a rel=\"noopener\" data-start=\"3141\" data-end=\"3169\">info@geopoliticalinsights.eu<\/a>.<br data-start=\"3170\" data-end=\"3173\" \/>Los usuarios tambi\u00e9n tienen derecho a presentar una reclamaci\u00f3n ante la <strong data-start=\"3229\" data-end=\"3273\">Agencia Espa\u00f1ola de Protecci\u00f3n de Datos (AEPD):<\/strong>: <a class=\"\" href=\"https:\/\/www.aepd.es\" target=\"_new\" rel=\"noopener nofollow\" data-start=\"3275\" data-end=\"3294\">https:\/\/www.aepd.es<\/a><\/p>\t\t\t\t\t\t\t\t<\/div>\n\t\t\t\t<\/div>\n\t\t\t\t\t<\/div>\n\t\t\t\t<\/div>\n\t\t\t\t<\/div>","protected":false},"excerpt":{"rendered":"<p>Effective Date: May 2, 2025 This Privacy Policy explains how personal data is collected and processed through this website (https:\/\/geopoliticalinsights.eu) in compliance with Regulation (EU) 2016\/679 (GDPR). 1. Data ControllerGeopolitical InsightsC\/ Rios Rosas, 28003, MadridSpainWebsite:\u00a0https:\/\/geopoliticalinsights.euEmail:\u00a0hola@geopoliticalinsights.eu 2. Data CollectedWe may collect the following personal data: Full name Email address Phone number IP address Browser type and [&hellip;]<\/p>","protected":false},"author":1,"featured_media":0,"parent":0,"menu_order":0,"comment_status":"closed","ping_status":"closed","template":"elementor_header_footer","meta":{"_acf_changed":false,"footnotes":""},"class_list":["post-1166","page","type-page","status-publish","hentry"],"acf":[],"_links":{"self":[{"href":"https:\/\/geopoliticalinsights.eu\/es\/wp-json\/wp\/v2\/pages\/1166","targetHints":{"allow":["GET"]}}],"collection":[{"href":"https:\/\/geopoliticalinsights.eu\/es\/wp-json\/wp\/v2\/pages"}],"about":[{"href":"https:\/\/geopoliticalinsights.eu\/es\/wp-json\/wp\/v2\/types\/page"}],"author":[{"embeddable":true,"href":"https:\/\/geopoliticalinsights.eu\/es\/wp-json\/wp\/v2\/users\/1"}],"replies":[{"embeddable":true,"href":"https:\/\/geopoliticalinsights.eu\/es\/wp-json\/wp\/v2\/comments?post=1166"}],"version-history":[{"count":11,"href":"https:\/\/geopoliticalinsights.eu\/es\/wp-json\/wp\/v2\/pages\/1166\/revisions"}],"predecessor-version":[{"id":1353,"href":"https:\/\/geopoliticalinsights.eu\/es\/wp-json\/wp\/v2\/pages\/1166\/revisions\/1353"}],"wp:attachment":[{"href":"https:\/\/geopoliticalinsights.eu\/es\/wp-json\/wp\/v2\/media?parent=1166"}],"curies":[{"name":"wp","href":"https:\/\/api.w.org\/{rel}","templated":true}]}}