{"id":156,"date":"2025-04-03T18:56:15","date_gmt":"2025-04-03T16:56:15","guid":{"rendered":"http:\/\/ownbqtb.cluster021.hosting.ovh.net\/?page_id=156"},"modified":"2025-05-09T13:16:56","modified_gmt":"2025-05-09T11:16:56","slug":"legal-notice","status":"publish","type":"page","link":"https:\/\/geopoliticalinsights.eu\/es\/legal-notice\/","title":{"rendered":"Aviso Legal"},"content":{"rendered":"<div data-elementor-type=\"wp-page\" data-elementor-id=\"156\" class=\"elementor elementor-156\" data-elementor-post-type=\"page\">\n\t\t\t\t<div class=\"elementor-element elementor-element-2f5d92a0 e-flex e-con-boxed e-con e-parent\" data-id=\"2f5d92a0\" data-element_type=\"container\" data-e-type=\"container\">\n\t\t\t\t\t<div class=\"e-con-inner\">\n\t\t\t\t<div class=\"elementor-element elementor-element-9a8e357 elementor-widget elementor-widget-text-editor\" data-id=\"9a8e357\" data-element_type=\"widget\" data-e-type=\"widget\" data-widget_type=\"text-editor.default\">\n\t\t\t\t<div class=\"elementor-widget-container\">\n\t\t\t\t\t\t\t\t\t<p class=\"\" data-start=\"257\" data-end=\"427\"><strong data-start=\"257\" data-end=\"427\">De acuerdo con lo dispuesto en la Ley 34\/2002, de 11 de julio, de Servicios de la Sociedad de la Informaci\u00f3n y del Comercio Electr\u00f3nico (LSSI-CE), se proporciona la siguiente informaci\u00f3n:<\/strong><\/p><ul><li data-start=\"431\" data-end=\"465\"><span class=\"cmplz-contact-organisation\">Geopolitical Insights<\/span><\/li><li data-start=\"431\" data-end=\"465\"><span class=\"cmplz-contact-address\">C\/ Rios Rosas, 28003, Madrid, <\/span><span class=\"cmplz-contact-country\">Spain<\/span><\/li><li data-start=\"431\" data-end=\"465\">Sitio web:\u00a0<span class=\"cmplz-contact-domain\"><a href=\"https:\/\/geopoliticalinsights.eu\/es\/\">https:\/\/geopoliticalinsights.eu<\/a><\/span><\/li><li data-start=\"431\" data-end=\"465\">Correo electr\u00f3nico:\u00a0<span class=\"cmplz-contact-email\"><span class=\"cmplz-obfuscate\">hola@geopoliticalinsights.eu<\/span><\/span><br \/><br \/><\/li><\/ul><p class=\"\" data-start=\"651\" data-end=\"771\"><strong data-start=\"651\" data-end=\"678\">Finalidad del Sitio Web:<\/strong><br data-start=\"678\" data-end=\"681\" \/>Este sitio web tiene como objetivo compartir informaci\u00f3n, an\u00e1lisis y perspectivas relacionadas con la geopol\u00edtica.<\/p><p class=\"\" data-start=\"773\" data-end=\"1057\"><strong data-start=\"773\" data-end=\"790\">T\u00e9rminos de uso:<\/strong><br data-start=\"790\" data-end=\"793\" \/>Los usuarios de este sitio web aceptan utilizarlo de conformidad con la ley, la buena fe, el orden p\u00fablico y los presentes t\u00e9rminos legales. Queda prohibido el uso no autorizado o la realizaci\u00f3n de actividades que perjudiquen los derechos o intereses de terceros o que puedan da\u00f1ar, inutilizar o deteriorar este sitio web.<\/p><p class=\"\" data-start=\"1059\" data-end=\"1340\"><strong data-start=\"1059\" data-end=\"1085\">Propiedad Intelectual:<\/strong><br data-start=\"1085\" data-end=\"1088\" \/>Todos los contenidos de este sitio web, incluidos textos, gr\u00e1ficos, im\u00e1genes y logotipos, son propiedad de Bernardo Navazo L\u00f3pez o se utilizan con la debida autorizaci\u00f3n. Se proh\u00edbe su reproducci\u00f3n, distribuci\u00f3n o modificaci\u00f3n sin el consentimiento expreso y por escrito del titular.<\/p>\t\t\t\t\t\t\t\t<\/div>\n\t\t\t\t<\/div>\n\t\t\t\t\t<\/div>\n\t\t\t\t<\/div>\n\t\t\t\t<\/div>","protected":false},"excerpt":{"rendered":"<p>In accordance with the provisions of Law 34\/2002 of July 11, on Information Society Services and Electronic Commerce (LSSI-CE), the following information is provided: Geopolitical Insights C\/ Rios Rosas, 28003, Madrid, Spain Website:\u00a0https:\/\/geopoliticalinsights.eu Email:\u00a0hola@geopoliticalinsights.eu Purpose of the Website:This website aims to share information, analysis, and perspectives related to geopolitics. Terms of Use:Users of this website [&hellip;]<\/p>","protected":false},"author":1,"featured_media":0,"parent":0,"menu_order":0,"comment_status":"closed","ping_status":"closed","template":"elementor_header_footer","meta":{"_acf_changed":false,"footnotes":""},"class_list":["post-156","page","type-page","status-publish","hentry"],"acf":[],"_links":{"self":[{"href":"https:\/\/geopoliticalinsights.eu\/es\/wp-json\/wp\/v2\/pages\/156","targetHints":{"allow":["GET"]}}],"collection":[{"href":"https:\/\/geopoliticalinsights.eu\/es\/wp-json\/wp\/v2\/pages"}],"about":[{"href":"https:\/\/geopoliticalinsights.eu\/es\/wp-json\/wp\/v2\/types\/page"}],"author":[{"embeddable":true,"href":"https:\/\/geopoliticalinsights.eu\/es\/wp-json\/wp\/v2\/users\/1"}],"replies":[{"embeddable":true,"href":"https:\/\/geopoliticalinsights.eu\/es\/wp-json\/wp\/v2\/comments?post=156"}],"version-history":[{"count":15,"href":"https:\/\/geopoliticalinsights.eu\/es\/wp-json\/wp\/v2\/pages\/156\/revisions"}],"predecessor-version":[{"id":1359,"href":"https:\/\/geopoliticalinsights.eu\/es\/wp-json\/wp\/v2\/pages\/156\/revisions\/1359"}],"wp:attachment":[{"href":"https:\/\/geopoliticalinsights.eu\/es\/wp-json\/wp\/v2\/media?parent=156"}],"curies":[{"name":"wp","href":"https:\/\/api.w.org\/{rel}","templated":true}]}}