{"id":920,"date":"2025-04-25T10:16:58","date_gmt":"2025-04-25T08:16:58","guid":{"rendered":"https:\/\/ownbqtb.cluster021.hosting.ovh.net\/?page_id=920"},"modified":"2025-07-28T10:54:32","modified_gmt":"2025-07-28T08:54:32","slug":"geopolitical-insights","status":"publish","type":"page","link":"https:\/\/geopoliticalinsights.eu\/es\/","title":{"rendered":"Geopolitical Insights"},"content":{"rendered":"<div data-elementor-type=\"wp-page\" data-elementor-id=\"920\" class=\"elementor elementor-920\" data-elementor-post-type=\"page\">\n\t\t\t\t<div class=\"elementor-element elementor-element-cbdbb63 e-con-full e-flex e-con e-parent\" data-id=\"cbdbb63\" data-element_type=\"container\" data-e-type=\"container\" data-settings=\"{&quot;background_background&quot;:&quot;classic&quot;}\">\n\t\t<div class=\"elementor-element elementor-element-ab32d2f e-con-full e-flex e-con e-child\" data-id=\"ab32d2f\" data-element_type=\"container\" data-e-type=\"container\" data-settings=\"{&quot;background_background&quot;:&quot;slideshow&quot;,&quot;background_slideshow_gallery&quot;:[{&quot;id&quot;:791,&quot;url&quot;:&quot;https:\\\/\\\/geopoliticalinsights.eu\\\/\\\/wp-content\\\/uploads\\\/2025\\\/04\\\/hero-banner2.jpg&quot;},{&quot;id&quot;:1106,&quot;url&quot;:&quot;https:\\\/\\\/geopoliticalinsights.eu\\\/\\\/wp-content\\\/uploads\\\/2025\\\/04\\\/rapto.jpg&quot;},{&quot;id&quot;:1102,&quot;url&quot;:&quot;https:\\\/\\\/geopoliticalinsights.eu\\\/\\\/wp-content\\\/uploads\\\/2025\\\/04\\\/upscalemedia-transformed-1.jpeg&quot;}],&quot;background_slideshow_ken_burns&quot;:&quot;yes&quot;,&quot;background_slideshow_slide_duration&quot;:4000,&quot;background_slideshow_loop&quot;:&quot;yes&quot;,&quot;background_slideshow_slide_transition&quot;:&quot;fade&quot;,&quot;background_slideshow_transition_duration&quot;:500,&quot;background_slideshow_ken_burns_zoom_direction&quot;:&quot;in&quot;}\">\n\t\t<div class=\"elementor-element elementor-element-d7c9381 e-con-full e-flex e-con e-child\" data-id=\"d7c9381\" data-element_type=\"container\" data-e-type=\"container\">\n\t\t\t\t<div class=\"elementor-element elementor-element-5080c33 elementor-widget elementor-widget-image\" data-id=\"5080c33\" data-element_type=\"widget\" data-e-type=\"widget\" data-widget_type=\"image.default\">\n\t\t\t\t<div class=\"elementor-widget-container\">\n\t\t\t\t\t\t\t\t\t\t\t\t\t\t\t\t<a href=\"https:\/\/geopoliticalinsights.eu\/es\">\n\t\t\t\t\t\t\t<img fetchpriority=\"high\" decoding=\"async\" width=\"873\" height=\"379\" src=\"https:\/\/geopoliticalinsights.eu\/wp-content\/uploads\/2025\/04\/Geopolitical-Insights-Logotipo-Blanco.svg\" class=\"attachment-full size-full wp-image-968\" alt=\"\" \/>\t\t\t\t\t\t\t\t<\/a>\n\t\t\t\t\t\t\t\t\t\t\t\t\t\t\t<\/div>\n\t\t\t\t<\/div>\n\t\t\t\t<\/div>\n\t\t\t\t<div class=\"elementor-element elementor-element-f1ea769 elementor-view-default elementor-widget elementor-widget-icon\" data-id=\"f1ea769\" data-element_type=\"widget\" data-e-type=\"widget\" id=\"icon\" data-widget_type=\"icon.default\">\n\t\t\t\t<div class=\"elementor-widget-container\">\n\t\t\t\t\t\t\t<div class=\"elementor-icon-wrapper\">\n\t\t\t<a class=\"elementor-icon\" href=\"\/es\/#next\">\n\t\t\t<svg xmlns=\"http:\/\/www.w3.org\/2000\/svg\" id=\"Capa_2\" data-name=\"Capa 2\" viewbox=\"0 0 13.47 11.96\"><defs><style>      .cls-1 {        fill: #fff;      }    <\/style><\/defs><g id=\"Capa_2-2\" data-name=\"Capa 2\"><g><path class=\"cls-1\" d=\"M13.47,1.03l-6.24,6.25c-.32.25-.66.25-.99,0L0,1.03,1.04,0l5.68,5.64L12.38.01l.09.02,1,1Z\"><\/path><path class=\"cls-1\" d=\"M13.47,5.52l-6.24,6.25c-.32.25-.66.25-.99,0L0,5.52l1.04-1.03,5.68,5.64,5.66-5.63.09.02,1,1Z\"><\/path><\/g><\/g><\/svg>\t\t\t<\/a>\n\t\t<\/div>\n\t\t\t\t\t\t<\/div>\n\t\t\t\t<\/div>\n\t\t\t\t<div class=\"elementor-element elementor-element-c96bcfb elementor-hidden-desktop elementor-hidden-tablet elementor-hidden-mobile elementor-arrows-position-inside elementor-widget elementor-widget-n-carousel\" data-id=\"c96bcfb\" data-element_type=\"widget\" data-e-type=\"widget\" data-settings=\"{&quot;carousel_items&quot;:[{&quot;slide_title&quot;:&quot;Diapositiva n\\u00ba 1&quot;,&quot;_id&quot;:&quot;0043515&quot;},{&quot;slide_title&quot;:&quot;Diapositiva n\\u00ba 1&quot;,&quot;_id&quot;:&quot;79638e3&quot;}],&quot;slides_to_show&quot;:&quot;1&quot;,&quot;slides_to_scroll&quot;:&quot;1&quot;,&quot;autoplay_speed&quot;:4000,&quot;speed&quot;:1000,&quot;slides_to_show_tablet&quot;:&quot;2&quot;,&quot;slides_to_show_mobile&quot;:&quot;1&quot;,&quot;autoplay&quot;:&quot;yes&quot;,&quot;pause_on_hover&quot;:&quot;yes&quot;,&quot;pause_on_interaction&quot;:&quot;yes&quot;,&quot;infinite&quot;:&quot;yes&quot;,&quot;offset_sides&quot;:&quot;none&quot;,&quot;arrows&quot;:&quot;yes&quot;,&quot;image_spacing_custom&quot;:{&quot;unit&quot;:&quot;px&quot;,&quot;size&quot;:10,&quot;sizes&quot;:[]},&quot;image_spacing_custom_tablet&quot;:{&quot;unit&quot;:&quot;px&quot;,&quot;size&quot;:&quot;&quot;,&quot;sizes&quot;:[]},&quot;image_spacing_custom_mobile&quot;:{&quot;unit&quot;:&quot;px&quot;,&quot;size&quot;:&quot;&quot;,&quot;sizes&quot;:[]}}\" data-widget_type=\"nested-carousel.default\">\n\t\t\t\t<div class=\"elementor-widget-container\">\n\t\t\t\t\t\t\t<div class=\"e-n-carousel swiper\" role=\"region\" aria-roledescription=\"carousel\" aria-label=\"Carrusel\" dir=\"ltr\">\n\t\t\t<div class=\"swiper-wrapper\" aria-live=\"off\">\n\t\t\t\t\t\t\t\t\t\t<div class=\"swiper-slide\" data-slide=\"1\" role=\"group\" aria-roledescription=\"slide\" aria-label=\"1 of 2\">\n\t\t\t\t\t\t\t<div class=\"elementor-element elementor-element-84311fb e-con-full e-flex e-con e-child\" data-id=\"84311fb\" data-element_type=\"container\" data-e-type=\"container\" data-settings=\"{&quot;background_background&quot;:&quot;classic&quot;}\">\n\t\t\t\t<\/div>\n\t\t\t\t\t\t\t\t<\/div>\n\t\t\t\t\t\t\t\t\t\t\t<div class=\"swiper-slide\" data-slide=\"2\" role=\"group\" aria-roledescription=\"slide\" aria-label=\"2 of 2\">\n\t\t\t\t\t\t\t<div class=\"elementor-element elementor-element-1ca28d5 e-con-full e-flex e-con e-child\" data-id=\"1ca28d5\" data-element_type=\"container\" data-e-type=\"container\" data-settings=\"{&quot;background_background&quot;:&quot;classic&quot;}\">\n\t\t<div class=\"elementor-element elementor-element-8269faa e-con-full e-flex e-con e-child\" data-id=\"8269faa\" data-element_type=\"container\" data-e-type=\"container\" data-settings=\"{&quot;sticky&quot;:&quot;top&quot;,&quot;sticky_on&quot;:[&quot;desktop&quot;,&quot;tablet&quot;,&quot;mobile&quot;],&quot;sticky_offset&quot;:0,&quot;sticky_effects_offset&quot;:0,&quot;sticky_anchor_link_offset&quot;:0}\">\n\t\t\t\t<div class=\"elementor-element elementor-element-2f50ad6 elementor-widget elementor-widget-image\" data-id=\"2f50ad6\" data-element_type=\"widget\" data-e-type=\"widget\" data-widget_type=\"image.default\">\n\t\t\t\t<div class=\"elementor-widget-container\">\n\t\t\t\t\t\t\t\t\t\t\t\t\t\t\t\t<a href=\"https:\/\/geopoliticalinsights.eu\/es\">\n\t\t\t\t\t\t\t<img fetchpriority=\"high\" decoding=\"async\" width=\"873\" height=\"379\" src=\"https:\/\/geopoliticalinsights.eu\/wp-content\/uploads\/2025\/04\/Geopolitical-Insights-Logotipo-Blanco.svg\" class=\"attachment-full size-full wp-image-968\" alt=\"\" \/>\t\t\t\t\t\t\t\t<\/a>\n\t\t\t\t\t\t\t\t\t\t\t\t\t\t\t<\/div>\n\t\t\t\t<\/div>\n\t\t\t\t<\/div>\n\t\t\t\t<\/div>\n\t\t\t\t\t\t\t\t<\/div>\n\t\t\t\t\t\t\t\t<\/div>\n\t\t<\/div>\n\t\t\t\t\t<div class=\"elementor-swiper-button elementor-swiper-button-prev\" role=\"button\" tabindex=\"0\" aria-label=\"Previous\">\n\t\t\t\t<svg aria-hidden=\"true\" class=\"e-font-icon-svg e-eicon-chevron-left\" viewbox=\"0 0 1000 1000\" xmlns=\"http:\/\/www.w3.org\/2000\/svg\"><path d=\"M646 125C629 125 613 133 604 142L308 442C296 454 292 471 292 487 292 504 296 521 308 533L604 854C617 867 629 875 646 875 663 875 679 871 692 858 704 846 713 829 713 812 713 796 708 779 692 767L438 487 692 225C700 217 708 204 708 187 708 171 704 154 692 142 675 129 663 125 646 125Z\"><\/path><\/svg>\t\t\t<\/div>\n\t\t\t<div class=\"elementor-swiper-button elementor-swiper-button-next\" role=\"button\" tabindex=\"0\" aria-label=\"Next\">\n\t\t\t\t<svg aria-hidden=\"true\" class=\"e-font-icon-svg e-eicon-chevron-right\" viewbox=\"0 0 1000 1000\" xmlns=\"http:\/\/www.w3.org\/2000\/svg\"><path d=\"M696 533C708 521 713 504 713 487 713 471 708 454 696 446L400 146C388 133 375 125 354 125 338 125 325 129 313 142 300 154 292 171 292 187 292 204 296 221 308 233L563 492 304 771C292 783 288 800 288 817 288 833 296 850 308 863 321 871 338 875 354 875 371 875 388 867 400 854L696 533Z\"><\/path><\/svg>\t\t\t<\/div>\n\t\t\t\t\t\t<\/div>\n\t\t\t\t<\/div>\n\t\t\t\t<\/div>\n\t\t\t\t<\/div>\n\t\t<div class=\"elementor-element elementor-element-403e769 e-con-full e-flex e-con e-parent\" data-id=\"403e769\" data-element_type=\"container\" data-e-type=\"container\" id=\"next\" data-settings=\"{&quot;background_background&quot;:&quot;video&quot;,&quot;background_video_link&quot;:&quot;\\\/wp-content\\\/uploads\\\/2025\\\/04\\\/WHOWEARE.mp4&quot;,&quot;background_play_on_mobile&quot;:&quot;yes&quot;,&quot;sticky&quot;:&quot;top&quot;,&quot;sticky_parent&quot;:&quot;yes&quot;,&quot;sticky_on&quot;:[&quot;desktop&quot;,&quot;tablet&quot;,&quot;mobile&quot;],&quot;sticky_offset&quot;:0,&quot;sticky_effects_offset&quot;:0,&quot;sticky_anchor_link_offset&quot;:0}\">\n\t\t<div class=\"elementor-background-video-container\">\n\t\t\t\t\t\t\t<video class=\"elementor-background-video-hosted\" role=\"presentation\" autoplay muted playsinline loop><\/video>\n\t\t\t\t\t<\/div><div class=\"elementor-element elementor-element-b1a4afe e-con-full e-flex e-con e-child\" data-id=\"b1a4afe\" data-element_type=\"container\" data-e-type=\"container\">\n\t\t<div class=\"elementor-element elementor-element-fe12b21 e-con-full e-flex e-con e-child\" data-id=\"fe12b21\" data-element_type=\"container\" data-e-type=\"container\">\n\t\t<div class=\"elementor-element elementor-element-b49aa5f e-con-full e-flex e-con e-child\" data-id=\"b49aa5f\" data-element_type=\"container\" data-e-type=\"container\">\n\t\t<div class=\"elementor-element elementor-element-6b420a4 e-con-full e-flex e-con e-child\" data-id=\"6b420a4\" data-element_type=\"container\" data-e-type=\"container\">\n\t\t\t\t<div class=\"elementor-element elementor-element-a53ab6f elementor-widget__width-auto elementor-widget-divider--view-line elementor-widget elementor-widget-divider\" data-id=\"a53ab6f\" data-element_type=\"widget\" data-e-type=\"widget\" data-widget_type=\"divider.default\">\n\t\t\t\t<div class=\"elementor-widget-container\">\n\t\t\t\t\t\t\t<div class=\"elementor-divider\">\n\t\t\t<span class=\"elementor-divider-separator\">\n\t\t\t\t\t\t<\/span>\n\t\t<\/div>\n\t\t\t\t\t\t<\/div>\n\t\t\t\t<\/div>\n\t\t\t\t<div class=\"elementor-element elementor-element-244cabd elementor-widget elementor-widget-heading\" data-id=\"244cabd\" data-element_type=\"widget\" data-e-type=\"widget\" data-widget_type=\"heading.default\">\n\t\t\t\t<div class=\"elementor-widget-container\">\n\t\t\t\t\t<h2 class=\"elementor-heading-title elementor-size-default\">Qui\u00e9nes Somos<\/h2>\t\t\t\t<\/div>\n\t\t\t\t<\/div>\n\t\t\t\t<\/div>\n\t\t\t\t<\/div>\n\t\t<div class=\"elementor-element elementor-element-e714eac e-con-full e-flex e-con e-child\" data-id=\"e714eac\" data-element_type=\"container\" data-e-type=\"container\">\n\t\t\t\t<div class=\"elementor-element elementor-element-121199a elementor-widget__width-initial elementor-widget elementor-widget-text-editor\" data-id=\"121199a\" data-element_type=\"widget\" data-e-type=\"widget\" data-widget_type=\"text-editor.default\">\n\t\t\t\t<div class=\"elementor-widget-container\">\n\t\t\t\t\t\t\t\t\t<p class=\"\" data-start=\"0\" data-end=\"148\">Geopolitical Insights es una consultor\u00eda europea fundada bajo la convicci\u00f3n de que la previsi\u00f3n, el rigor anal\u00edtico y la ejecuci\u00f3n pr\u00e1ctica son esenciales para navegar en el mundo actual. Desde el principio, hemos anticipado cambios globales (desde el COVID hasta Ucrania, pasando por las nuevas pol\u00edticas industriales que est\u00e1n transformando la UE) y hemos ayudado a los clientes a mantenerse a la vanguardia. Nuestro equipo multidisciplinario une la geopol\u00edtica, la pol\u00edtica, la econom\u00eda y la ingenier\u00eda. Orgullosamente pro UE, estamos comprometidos con la Geopol\u00edtica Pr\u00e1ctica\u2122: no teor\u00eda por teor\u00eda, sino inteligencia estrat\u00e9gica que conecta ideas con resultados.<\/p>\t\t\t\t\t\t\t\t<\/div>\n\t\t\t\t<\/div>\n\t\t\t\t<div class=\"elementor-element elementor-element-a9890eb elementor-align-center elementor-widget elementor-widget-button\" data-id=\"a9890eb\" data-element_type=\"widget\" data-e-type=\"widget\" data-widget_type=\"button.default\">\n\t\t\t\t<div class=\"elementor-widget-container\">\n\t\t\t\t\t\t\t\t\t<div class=\"elementor-button-wrapper\">\n\t\t\t\t\t<a class=\"elementor-button elementor-button-link elementor-size-sm\" href=\"\/es\/who-we-are\/\">\n\t\t\t\t\t\t<span class=\"elementor-button-content-wrapper\">\n\t\t\t\t\t\t\t\t\t<span class=\"elementor-button-text\">SABER M\u00c1S<\/span>\n\t\t\t\t\t<\/span>\n\t\t\t\t\t<\/a>\n\t\t\t\t<\/div>\n\t\t\t\t\t\t\t\t<\/div>\n\t\t\t\t<\/div>\n\t\t\t\t<\/div>\n\t\t\t\t<\/div>\n\t\t\t\t<\/div>\n\t\t\t\t<\/div>\n\t\t<div class=\"elementor-element elementor-element-4e0ba53 e-con-full e-flex e-con e-parent\" data-id=\"4e0ba53\" data-element_type=\"container\" data-e-type=\"container\" data-settings=\"{&quot;background_background&quot;:&quot;video&quot;,&quot;background_video_link&quot;:&quot;\\\/wp-content\\\/uploads\\\/2025\\\/04\\\/WHATWEDO.mp4&quot;,&quot;background_play_on_mobile&quot;:&quot;yes&quot;,&quot;sticky&quot;:&quot;top&quot;,&quot;sticky_on&quot;:[&quot;desktop&quot;,&quot;tablet&quot;,&quot;mobile&quot;],&quot;sticky_offset&quot;:0,&quot;sticky_effects_offset&quot;:0,&quot;sticky_anchor_link_offset&quot;:0}\">\n\t\t<div class=\"elementor-background-video-container\">\n\t\t\t\t\t\t\t<video class=\"elementor-background-video-hosted\" role=\"presentation\" autoplay muted playsinline loop><\/video>\n\t\t\t\t\t<\/div><div class=\"elementor-element elementor-element-d656009 e-con-full e-flex e-con e-child\" data-id=\"d656009\" data-element_type=\"container\" data-e-type=\"container\">\n\t\t<div class=\"elementor-element elementor-element-2ec0fb6 e-con-full e-flex e-con e-child\" data-id=\"2ec0fb6\" data-element_type=\"container\" data-e-type=\"container\">\n\t\t<div class=\"elementor-element elementor-element-c80c166 e-con-full e-flex e-con e-child\" data-id=\"c80c166\" data-element_type=\"container\" data-e-type=\"container\">\n\t\t<div class=\"elementor-element elementor-element-2770498 e-con-full e-flex e-con e-child\" data-id=\"2770498\" data-element_type=\"container\" data-e-type=\"container\">\n\t\t\t\t<div class=\"elementor-element elementor-element-ee91b20 elementor-widget__width-auto elementor-widget-divider--view-line elementor-widget elementor-widget-divider\" data-id=\"ee91b20\" data-element_type=\"widget\" data-e-type=\"widget\" data-widget_type=\"divider.default\">\n\t\t\t\t<div class=\"elementor-widget-container\">\n\t\t\t\t\t\t\t<div class=\"elementor-divider\">\n\t\t\t<span class=\"elementor-divider-separator\">\n\t\t\t\t\t\t<\/span>\n\t\t<\/div>\n\t\t\t\t\t\t<\/div>\n\t\t\t\t<\/div>\n\t\t\t\t<div class=\"elementor-element elementor-element-f3a0767 elementor-widget elementor-widget-heading\" data-id=\"f3a0767\" data-element_type=\"widget\" data-e-type=\"widget\" data-widget_type=\"heading.default\">\n\t\t\t\t<div class=\"elementor-widget-container\">\n\t\t\t\t\t<h2 class=\"elementor-heading-title elementor-size-default\">LO QUE HACEMOS<\/h2>\t\t\t\t<\/div>\n\t\t\t\t<\/div>\n\t\t\t\t<\/div>\n\t\t\t\t<\/div>\n\t\t<div class=\"elementor-element elementor-element-cdebc3a e-con-full e-flex e-con e-child\" data-id=\"cdebc3a\" data-element_type=\"container\" data-e-type=\"container\">\n\t\t\t\t<div class=\"elementor-element elementor-element-3043421 elementor-widget__width-initial elementor-widget elementor-widget-text-editor\" data-id=\"3043421\" data-element_type=\"widget\" data-e-type=\"widget\" data-widget_type=\"text-editor.default\">\n\t\t\t\t<div class=\"elementor-widget-container\">\n\t\t\t\t\t\t\t\t\t<p data-spm-anchor-id=\"a2ty_o01.29997173.0.i16.11efc9210WogDS\">Ayudamos a empresas, instituciones y ciudadanos de la UE a posicionarse en un panorama geopol\u00edtico en constante cambio. A trav\u00e9s de inteligencia personalizada, asesoramiento estrat\u00e9gico y apoyo en la ejecuci\u00f3n, alineamos proyectos de alto impacto con las prioridades en evoluci\u00f3n de la UE en \u00e1reas como regulaci\u00f3n, inversi\u00f3n p\u00fablica, controles de exportaci\u00f3n y sectores cr\u00edticos. Nuestro trabajo transforma la complejidad en claridad y las ideas en acci\u00f3n, permitiendo a los clientes mitigar riesgos, aprovechar oportunidades y fortalecer su posici\u00f3n en la econom\u00eda pol\u00edtica de Europa.<\/p>\t\t\t\t\t\t\t\t<\/div>\n\t\t\t\t<\/div>\n\t\t\t\t<div class=\"elementor-element elementor-element-016caff elementor-align-center elementor-widget elementor-widget-button\" data-id=\"016caff\" data-element_type=\"widget\" data-e-type=\"widget\" data-widget_type=\"button.default\">\n\t\t\t\t<div class=\"elementor-widget-container\">\n\t\t\t\t\t\t\t\t\t<div class=\"elementor-button-wrapper\">\n\t\t\t\t\t<a class=\"elementor-button elementor-button-link elementor-size-sm\" href=\"\/es\/who-we-are\/\">\n\t\t\t\t\t\t<span class=\"elementor-button-content-wrapper\">\n\t\t\t\t\t\t\t\t\t<span class=\"elementor-button-text\">SABER M\u00c1S<\/span>\n\t\t\t\t\t<\/span>\n\t\t\t\t\t<\/a>\n\t\t\t\t<\/div>\n\t\t\t\t\t\t\t\t<\/div>\n\t\t\t\t<\/div>\n\t\t\t\t<\/div>\n\t\t\t\t<\/div>\n\t\t\t\t<\/div>\n\t\t\t\t<\/div>\n\t\t\t\t<\/div>","protected":false},"excerpt":{"rendered":"<p>Who We are Geopolitical Insights is a European consultancy founded on the belief that foresight, analytical rigor and practical execution are essential to navigating today\u2019s world. From the start, we\u2019ve anticipated global shifts (from COVID to Ukraine to the new industrial policies reshaping the EU) and helped clients stay ahead. Our multidisciplinary team bridges geopolitics, [&hellip;]<\/p>","protected":false},"author":1,"featured_media":0,"parent":0,"menu_order":0,"comment_status":"closed","ping_status":"closed","template":"","meta":{"_acf_changed":false,"footnotes":""},"class_list":["post-920","page","type-page","status-publish","hentry"],"acf":[],"_links":{"self":[{"href":"https:\/\/geopoliticalinsights.eu\/es\/wp-json\/wp\/v2\/pages\/920","targetHints":{"allow":["GET"]}}],"collection":[{"href":"https:\/\/geopoliticalinsights.eu\/es\/wp-json\/wp\/v2\/pages"}],"about":[{"href":"https:\/\/geopoliticalinsights.eu\/es\/wp-json\/wp\/v2\/types\/page"}],"author":[{"embeddable":true,"href":"https:\/\/geopoliticalinsights.eu\/es\/wp-json\/wp\/v2\/users\/1"}],"replies":[{"embeddable":true,"href":"https:\/\/geopoliticalinsights.eu\/es\/wp-json\/wp\/v2\/comments?post=920"}],"version-history":[{"count":117,"href":"https:\/\/geopoliticalinsights.eu\/es\/wp-json\/wp\/v2\/pages\/920\/revisions"}],"predecessor-version":[{"id":1384,"href":"https:\/\/geopoliticalinsights.eu\/es\/wp-json\/wp\/v2\/pages\/920\/revisions\/1384"}],"wp:attachment":[{"href":"https:\/\/geopoliticalinsights.eu\/es\/wp-json\/wp\/v2\/media?parent=920"}],"curies":[{"name":"wp","href":"https:\/\/api.w.org\/{rel}","templated":true}]}}